{"id":375,"date":"2018-02-14T09:48:16","date_gmt":"2018-02-14T08:48:16","guid":{"rendered":"http:\/\/sp7kzk.pzk.pl\/index.php\/cookie-policy\/"},"modified":"2018-02-14T09:48:52","modified_gmt":"2018-02-14T08:48:52","slug":"cookie-policy","status":"publish","type":"page","link":"https:\/\/sp7kzk.pzk.pl\/index.php\/cookie-policy\/","title":{"rendered":"Cookie Policy"},"content":{"rendered":"<p>Ta strona u\u017cywa ciasteczek (cookies).<\/p>\n<p>Dodatkowo na\u00a0stronie znajduje si\u0119 skrypt Google Analytics (statystyki ogl\u0105dalno\u015bci) oraz\u00a0skrypty przycisk\u00f3w serwis\u00f3w spo\u0142eczno\u015bciowych Facebook, Twitter i\u00a0Google+, kt\u00f3re r\u00f3wnie\u017c mog\u0105 zapisywa\u0107 ciasteczka.<\/p>\n<p>Wi\u0119cej na\u00a0temat ciasteczek (cookies) mo\u017cna przeczyta\u0107 na\u00a0stronie <a href=\"http:\/\/wszystkoociasteczkach.pl\/\" target=\"_blank\" rel=\"nofollow noopener noreferrer\">Wszystko o\u00a0ciasteczkach<\/a><\/p>\n","protected":false},"excerpt":{"rendered":"<p>Ta strona u\u017cywa ciasteczek (cookies). Dodatkowo na\u00a0stronie znajduje si\u0119 skrypt Google Analytics (statystyki ogl\u0105dalno\u015bci) oraz\u00a0skrypty przycisk\u00f3w serwis\u00f3w spo\u0142eczno\u015bciowych Facebook, Twitter i\u00a0Google+, kt\u00f3re r\u00f3wnie\u017c mog\u0105 zapisywa\u0107 ciasteczka. Wi\u0119cej na\u00a0temat ciasteczek (cookies) mo\u017cna przeczyta\u0107 na\u00a0stronie Wszystko o\u00a0ciasteczkach<\/p>\n","protected":false},"author":1,"featured_media":0,"parent":0,"menu_order":0,"comment_status":"closed","ping_status":"closed","template":"","meta":[],"_links":{"self":[{"href":"https:\/\/sp7kzk.pzk.pl\/index.php\/wp-json\/wp\/v2\/pages\/375"}],"collection":[{"href":"https:\/\/sp7kzk.pzk.pl\/index.php\/wp-json\/wp\/v2\/pages"}],"about":[{"href":"https:\/\/sp7kzk.pzk.pl\/index.php\/wp-json\/wp\/v2\/types\/page"}],"author":[{"embeddable":true,"href":"https:\/\/sp7kzk.pzk.pl\/index.php\/wp-json\/wp\/v2\/users\/1"}],"replies":[{"embeddable":true,"href":"https:\/\/sp7kzk.pzk.pl\/index.php\/wp-json\/wp\/v2\/comments?post=375"}],"version-history":[{"count":1,"href":"https:\/\/sp7kzk.pzk.pl\/index.php\/wp-json\/wp\/v2\/pages\/375\/revisions"}],"predecessor-version":[{"id":376,"href":"https:\/\/sp7kzk.pzk.pl\/index.php\/wp-json\/wp\/v2\/pages\/375\/revisions\/376"}],"wp:attachment":[{"href":"https:\/\/sp7kzk.pzk.pl\/index.php\/wp-json\/wp\/v2\/media?parent=375"}],"curies":[{"name":"wp","href":"https:\/\/api.w.org\/{rel}","templated":true}]}}