{"id":5,"date":"2016-11-25T17:05:57","date_gmt":"2016-11-25T16:05:57","guid":{"rendered":"http:\/\/sp7kzk.pzk.pl\/?page_id=5"},"modified":"2016-11-25T20:42:34","modified_gmt":"2016-11-25T19:42:34","slug":"o-klubie","status":"publish","type":"page","link":"https:\/\/sp7kzk.pzk.pl\/index.php\/o-klubie\/","title":{"rendered":"O klubie"},"content":{"rendered":"<p><img decoding=\"async\" loading=\"lazy\" class=\"size-medium wp-image-14 alignleft\" src=\"http:\/\/sp7kzk.pzk.pl\/wp-content\/uploads\/2016\/11\/Amateur_Radio_Station-300x237.jpg\" alt=\"amateur_radio_station\" width=\"300\" height=\"237\" srcset=\"https:\/\/sp7kzk.pzk.pl\/wp-content\/uploads\/2016\/11\/Amateur_Radio_Station-300x237.jpg 300w, https:\/\/sp7kzk.pzk.pl\/wp-content\/uploads\/2016\/11\/Amateur_Radio_Station.jpg 470w\" sizes=\"(max-width: 300px) 100vw, 300px\" \/>Jeste\u015bmy klubem zrzeszaj\u0105cym fan\u00f3w \u0142\u0105czno\u015bci radiowej, lecz nie ograniczamy si\u0119 tylko do niej. Zapraszamy do nas wszystkich pozytywnie zakr\u0119conych elektronik\u0105, programowaniem, technologi\u0105. Staramy si\u0119 stworzy\u0107 przyjazn\u0105 atmosfer\u0119 w kt\u00f3rej wymieniamy pomys\u0142y, bawimy si\u0119 kr\u00f3tkofalarstwem a przez to s\u0142u\u017cymy lokalnej spo\u0142eczno\u015bci i promujemy region. Zapraszamy Was\u00a0w ka\u017cdy czwartek po godzinie 17:00 do<span class=\"text_exposed_show\"> siedziby naszego klubu w Sieradzu przy ulicy Plac Wojew\u00f3dzki 3 (budynek Starostwa Powiatowego) na 8 pi\u0119trze pok\u00f3j 827\/828.\u00a0<\/span><\/p>\n","protected":false},"excerpt":{"rendered":"<p>Jeste\u015bmy klubem zrzeszaj\u0105cym fan\u00f3w \u0142\u0105czno\u015bci radiowej, lecz nie ograniczamy si\u0119 tylko do niej. Zapraszamy do nas wszystkich pozytywnie zakr\u0119conych elektronik\u0105, programowaniem, technologi\u0105. Staramy si\u0119 stworzy\u0107 przyjazn\u0105 atmosfer\u0119 w kt\u00f3rej wymieniamy pomys\u0142y, bawimy si\u0119 kr\u00f3tkofalarstwem a przez to s\u0142u\u017cymy lokalnej spo\u0142eczno\u015bci i promujemy region. Zapraszamy Was\u00a0w ka\u017cdy czwartek po godzinie 17:00 do siedziby naszego klubu w <a href=\"https:\/\/sp7kzk.pzk.pl\/index.php\/o-klubie\/\" class=\"more-link\">Czytaj dalej...<span class=\"screen-reader-text\"> \"O klubie\"<\/span><\/a><\/p>\n","protected":false},"author":1,"featured_media":0,"parent":0,"menu_order":0,"comment_status":"closed","ping_status":"closed","template":"","meta":[],"_links":{"self":[{"href":"https:\/\/sp7kzk.pzk.pl\/index.php\/wp-json\/wp\/v2\/pages\/5"}],"collection":[{"href":"https:\/\/sp7kzk.pzk.pl\/index.php\/wp-json\/wp\/v2\/pages"}],"about":[{"href":"https:\/\/sp7kzk.pzk.pl\/index.php\/wp-json\/wp\/v2\/types\/page"}],"author":[{"embeddable":true,"href":"https:\/\/sp7kzk.pzk.pl\/index.php\/wp-json\/wp\/v2\/users\/1"}],"replies":[{"embeddable":true,"href":"https:\/\/sp7kzk.pzk.pl\/index.php\/wp-json\/wp\/v2\/comments?post=5"}],"version-history":[{"count":4,"href":"https:\/\/sp7kzk.pzk.pl\/index.php\/wp-json\/wp\/v2\/pages\/5\/revisions"}],"predecessor-version":[{"id":23,"href":"https:\/\/sp7kzk.pzk.pl\/index.php\/wp-json\/wp\/v2\/pages\/5\/revisions\/23"}],"wp:attachment":[{"href":"https:\/\/sp7kzk.pzk.pl\/index.php\/wp-json\/wp\/v2\/media?parent=5"}],"curies":[{"name":"wp","href":"https:\/\/api.w.org\/{rel}","templated":true}]}}