{"id":62,"date":"2016-11-25T21:38:54","date_gmt":"2016-11-25T20:38:54","guid":{"rendered":"http:\/\/sp7kzk.pzk.pl\/?page_id=62"},"modified":"2016-11-25T21:43:27","modified_gmt":"2016-11-25T20:43:27","slug":"linki","status":"publish","type":"page","link":"https:\/\/sp7kzk.pzk.pl\/index.php\/linki\/","title":{"rendered":"Linki"},"content":{"rendered":"<p>Polski Zwi\u0105zek Kr\u00f3tkofalowc\u00f3w\u00a0<a href=\"https:\/\/pzk.org.pl\/\" target=\"_blank\">https:\/\/pzk.org.pl\/<\/a><\/p>\n<p>Strona fan\u00f3w kresek i kropek <a href=\"http:\/\/www.titawa.pl\">www.titawa.pl<\/a><\/p>\n<p>Kalendarz zawod\u00f3w kr\u00f3tkofalarskich <a href=\"http:\/\/www.hornucopia.com\/contestcal\/weeklycont.php\" target=\"_blank\">WA7BNM<\/a><\/p>\n","protected":false},"excerpt":{"rendered":"<p>Polski Zwi\u0105zek Kr\u00f3tkofalowc\u00f3w\u00a0https:\/\/pzk.org.pl\/ Strona fan\u00f3w kresek i kropek www.titawa.pl Kalendarz zawod\u00f3w kr\u00f3tkofalarskich WA7BNM<\/p>\n","protected":false},"author":1,"featured_media":0,"parent":0,"menu_order":0,"comment_status":"closed","ping_status":"closed","template":"","meta":[],"_links":{"self":[{"href":"https:\/\/sp7kzk.pzk.pl\/index.php\/wp-json\/wp\/v2\/pages\/62"}],"collection":[{"href":"https:\/\/sp7kzk.pzk.pl\/index.php\/wp-json\/wp\/v2\/pages"}],"about":[{"href":"https:\/\/sp7kzk.pzk.pl\/index.php\/wp-json\/wp\/v2\/types\/page"}],"author":[{"embeddable":true,"href":"https:\/\/sp7kzk.pzk.pl\/index.php\/wp-json\/wp\/v2\/users\/1"}],"replies":[{"embeddable":true,"href":"https:\/\/sp7kzk.pzk.pl\/index.php\/wp-json\/wp\/v2\/comments?post=62"}],"version-history":[{"count":4,"href":"https:\/\/sp7kzk.pzk.pl\/index.php\/wp-json\/wp\/v2\/pages\/62\/revisions"}],"predecessor-version":[{"id":67,"href":"https:\/\/sp7kzk.pzk.pl\/index.php\/wp-json\/wp\/v2\/pages\/62\/revisions\/67"}],"wp:attachment":[{"href":"https:\/\/sp7kzk.pzk.pl\/index.php\/wp-json\/wp\/v2\/media?parent=62"}],"curies":[{"name":"wp","href":"https:\/\/api.w.org\/{rel}","templated":true}]}}